{"id":328,"date":"2025-12-09T18:40:43","date_gmt":"2025-12-09T18:40:43","guid":{"rendered":"https:\/\/latinomkt.com\/?page_id=328"},"modified":"2025-12-10T19:54:03","modified_gmt":"2025-12-10T19:54:03","slug":"sitio-web","status":"publish","type":"page","link":"https:\/\/latinomkt.com\/?page_id=328","title":{"rendered":"Sitio Web"},"content":{"rendered":"\t\t<div data-elementor-type=\"wp-page\" data-elementor-id=\"328\" class=\"elementor elementor-328\">\n\t\t\t\t<div class=\"elementor-element elementor-element-6cc0e64 e-flex e-con-boxed e-con e-parent\" data-id=\"6cc0e64\" data-element_type=\"container\">\n\t\t\t\t\t<div class=\"e-con-inner\">\n\t\t<div class=\"elementor-element elementor-element-7a59ffa e-con-full e-flex e-con e-child\" data-id=\"7a59ffa\" data-element_type=\"container\">\n\t\t\t\t<div class=\"elementor-element elementor-element-d77e839 elementor-widget__width-initial exad-sticky-section-no exad-glass-effect-no elementor-widget elementor-widget-image\" data-id=\"d77e839\" data-element_type=\"widget\" data-widget_type=\"image.default\">\n\t\t\t\t\t\t\t\t\t\t\t\t\t\t\t<img fetchpriority=\"high\" decoding=\"async\" width=\"500\" height=\"500\" src=\"https:\/\/latinomkt.com\/wp-content\/uploads\/2025\/12\/Impulsa-tu-sitio-web-al-siguiente-nivel-y-tu-negocio-tambien.png\" class=\"attachment-large size-large wp-image-399\" alt=\"\" srcset=\"https:\/\/latinomkt.com\/wp-content\/uploads\/2025\/12\/Impulsa-tu-sitio-web-al-siguiente-nivel-y-tu-negocio-tambien.png 500w, https:\/\/latinomkt.com\/wp-content\/uploads\/2025\/12\/Impulsa-tu-sitio-web-al-siguiente-nivel-y-tu-negocio-tambien-300x300.png 300w, https:\/\/latinomkt.com\/wp-content\/uploads\/2025\/12\/Impulsa-tu-sitio-web-al-siguiente-nivel-y-tu-negocio-tambien-150x150.png 150w\" sizes=\"(max-width: 500px) 100vw, 500px\" \/>\t\t\t\t\t\t\t\t\t\t\t\t\t\t\t<\/div>\n\t\t\t\t<\/div>\n\t\t<div class=\"elementor-element elementor-element-15a780d e-con-full e-flex e-con e-child\" data-id=\"15a780d\" data-element_type=\"container\">\n\t\t\t\t<div class=\"elementor-element elementor-element-327579b elementor-widget__width-inherit exad-sticky-section-no exad-glass-effect-no elementor-widget elementor-widget-text-editor\" data-id=\"327579b\" data-element_type=\"widget\" data-widget_type=\"text-editor.default\">\n\t\t\t\t\t\t\t\t\t<p data-start=\"75\" data-end=\"307\">Creamos sitios web que no solo se ven incre\u00edbles, sino que tambi\u00e9n cumplen su prop\u00f3sito. En\u00a0<strong data-start=\"167\" data-end=\"177\">Latino Marketing<\/strong> dise\u00f1amos p\u00e1ginas que se adaptan a tus necesidades, reflejan tu esencia y est\u00e1n pensadas estrat\u00e9gicamente para ayudarte a crecer.\u00a0Ya sea una\u00a0<strong data-start=\"320\" data-end=\"336\">landing page<\/strong>, un\u00a0<strong data-start=\"341\" data-end=\"362\">sitio corporativo<\/strong>\u00a0o una\u00a0<strong data-start=\"369\" data-end=\"388\">tienda en l\u00ednea<\/strong>, desarrollamos plataformas que destacan tu singularidad, generan confianza y te posicionan con fuerza en el mundo digital.<\/p><p style=\"text-align: left;\" data-start=\"513\" data-end=\"576\">Porque tu sitio web debe\u00a0<strong data-start=\"538\" data-end=\"575\">impresionar, conectar y convertir<\/strong>.<\/p><p style=\"text-align: left;\" data-start=\"578\" data-end=\"679\">Haz que cada visita se convierta en una oportunidad real para impulsar tu marca y crecer sin l\u00edmites.<\/p>\t\t\t\t\t\t\t\t<\/div>\n\t\t\t\t<\/div>\n\t\t\t\t\t<\/div>\n\t\t\t\t<\/div>\n\t\t<div class=\"elementor-element elementor-element-a748506 e-flex e-con-boxed e-con e-parent\" data-id=\"a748506\" data-element_type=\"container\">\n\t\t\t\t\t<div class=\"e-con-inner\">\n\t\t\t\t<div class=\"elementor-element elementor-element-e0a467b exad-sticky-section-no exad-glass-effect-no elementor-widget elementor-widget-heading\" data-id=\"e0a467b\" data-element_type=\"widget\" data-widget_type=\"heading.default\">\n\t\t\t\t\t<h2 class=\"elementor-heading-title elementor-size-default\">Tu sitio web, m\u00e1s poderoso que nunca.<\/h2>\t\t\t\t<\/div>\n\t\t\t\t\t<\/div>\n\t\t\t\t<\/div>\n\t\t<div class=\"elementor-element elementor-element-61e6df6 e-flex e-con-boxed e-con e-parent\" data-id=\"61e6df6\" data-element_type=\"container\" data-settings=\"{&quot;background_background&quot;:&quot;gradient&quot;}\">\n\t\t\t\t\t<div class=\"e-con-inner\">\n\t\t<div class=\"elementor-element elementor-element-40f3ff7 e-con-full e-flex e-con e-child\" data-id=\"40f3ff7\" data-element_type=\"container\">\n\t\t\t\t<div class=\"elementor-element elementor-element-6596875 exad-sticky-section-no exad-glass-effect-no elementor-widget elementor-widget-text-editor\" data-id=\"6596875\" data-element_type=\"widget\" data-widget_type=\"text-editor.default\">\n\t\t\t\t\t\t\t\t\t<p style=\"text-align: center;\"><span style=\"color: #d4be19;\"><b>Dise\u00f1o personalizado.<\/b><\/span><\/p><p data-start=\"64\" data-end=\"271\"><span style=\"color: #ffffff;\">Creamos una experiencia visual totalmente alineada a tu marca: colores, tipograf\u00edas e im\u00e1genes que conectan de inmediato con tu cliente ideal y transmiten la esencia de tu negocio.<\/span><\/p><p data-start=\"64\" data-end=\"271\">\u00a0<\/p>\t\t\t\t\t\t\t\t<\/div>\n\t\t\t\t<\/div>\n\t\t<div class=\"elementor-element elementor-element-22377e0 e-con-full e-flex e-con e-child\" data-id=\"22377e0\" data-element_type=\"container\">\n\t\t\t\t<div class=\"elementor-element elementor-element-b4c0bd6 exad-sticky-section-no exad-glass-effect-no elementor-widget elementor-widget-text-editor\" data-id=\"b4c0bd6\" data-element_type=\"widget\" data-widget_type=\"text-editor.default\">\n\t\t\t\t\t\t\t\t\t<p style=\"text-align: center;\"><span style=\"color: #d4be19;\"><b>Estrategia web<\/b><\/span><\/p><p style=\"text-align: center;\" data-start=\"66\" data-end=\"286\"><span style=\"color: #ffffff;\">Dise\u00f1amos una estructura estrat\u00e9gica basada en tu industria y tus objetivos. Definimos la navegaci\u00f3n, los contenidos clave y las llamadas a la acci\u00f3n que guiar\u00e1n a tus visitantes hacia la conversi\u00f3n.<\/span><\/p>\t\t\t\t\t\t\t\t<\/div>\n\t\t\t\t<\/div>\n\t\t<div class=\"elementor-element elementor-element-462b3e4 e-con-full e-flex e-con e-child\" data-id=\"462b3e4\" data-element_type=\"container\">\n\t\t\t\t<div class=\"elementor-element elementor-element-36348c3 elementor-widget__width-initial exad-sticky-section-no exad-glass-effect-no elementor-widget elementor-widget-text-editor\" data-id=\"36348c3\" data-element_type=\"widget\" data-widget_type=\"text-editor.default\">\n\t\t\t\t\t\t\t\t\t<p style=\"text-align: center;\" data-start=\"56\" data-end=\"300\"><span style=\"color: #d4be19;\"><strong data-start=\"56\" data-end=\"95\">Sitio funcional y\u00a0<\/strong><strong style=\"background-color: rgba(0, 0, 0, 0);\" data-start=\"56\" data-end=\"95\">adaptable<\/strong><\/span><\/p><p style=\"text-align: center;\" data-start=\"56\" data-end=\"300\"><span style=\"background-color: rgba(0, 0, 0, 0); color: #ffffff;\">Desarrollamos sitios veloces, responsivos y optimizados para buscadores. Incluimos integraci\u00f3n con WhatsApp, formularios y otras herramientas que facilitan la interacci\u00f3n y el crecimiento de tu negocio.<\/span><\/p>\t\t\t\t\t\t\t\t<\/div>\n\t\t\t\t<\/div>\n\t\t<div class=\"elementor-element elementor-element-c70cc14 e-con-full e-flex e-con e-child\" data-id=\"c70cc14\" data-element_type=\"container\">\n\t\t\t\t<div class=\"elementor-element elementor-element-1d810e3 exad-sticky-section-no exad-glass-effect-no elementor-widget elementor-widget-text-editor\" data-id=\"1d810e3\" data-element_type=\"widget\" data-widget_type=\"text-editor.default\">\n\t\t\t\t\t\t\t\t\t<p style=\"text-align: center;\" data-start=\"56\" data-end=\"300\"><span style=\"color: #d4be19;\"><strong data-start=\"56\" data-end=\"95\">SEO b\u00e1sico + Google Analytics<\/strong><\/span><\/p><p style=\"text-align: center;\" data-start=\"66\" data-end=\"301\"><span style=\"color: #ffffff;\">Configuramos tu sitio para que aparezca en Google con textos e im\u00e1genes optimizadas. Adem\u00e1s, lo conectamos a Google Analytics para que puedas medir el rendimiento y tomar decisiones basadas en datos.<\/span><\/p>\t\t\t\t\t\t\t\t<\/div>\n\t\t\t\t<\/div>\n\t\t\t\t\t<\/div>\n\t\t\t\t<\/div>\n\t\t<div class=\"elementor-element elementor-element-50248a8 e-flex e-con-boxed e-con e-parent\" data-id=\"50248a8\" data-element_type=\"container\">\n\t\t\t\t\t<div class=\"e-con-inner\">\n\t\t\t\t<div class=\"elementor-element elementor-element-a5ee3db exad-sticky-section-no exad-glass-effect-no elementor-widget elementor-widget-heading\" data-id=\"a5ee3db\" data-element_type=\"widget\" data-widget_type=\"heading.default\">\n\t\t\t\t\t<h2 class=\"elementor-heading-title elementor-size-default\">Tipos de Sitio Web que Desarrollamos<\/h2>\t\t\t\t<\/div>\n\t\t\t\t\t<\/div>\n\t\t\t\t<\/div>\n\t\t<div class=\"elementor-element elementor-element-5411542 e-grid e-con-boxed e-con e-parent\" data-id=\"5411542\" data-element_type=\"container\" data-settings=\"{&quot;background_background&quot;:&quot;gradient&quot;}\">\n\t\t\t\t\t<div class=\"e-con-inner\">\n\t\t\t\t<div class=\"elementor-element elementor-element-dd61989 elementor-widget__width-initial exad-sticky-section-no exad-glass-effect-no elementor-widget elementor-widget-text-editor\" data-id=\"dd61989\" data-element_type=\"widget\" data-widget_type=\"text-editor.default\">\n\t\t\t\t\t\t\t\t\t<p style=\"text-align: center;\"><span style=\"color: #d4be19;\"><b>P\u00e1gina informativa para negocios, profesionales e instituciones.<\/b><\/span><\/p><p style=\"text-align: center;\" data-start=\"64\" data-end=\"271\">Desarrollamos sitios completos, visuales y altamente funcionales, dise\u00f1ados para ofrecer una experiencia de usuario fluida, moderna y estrat\u00e9gica.<\/p><p data-start=\"64\" data-end=\"271\">\u00a0<\/p>\t\t\t\t\t\t\t\t<\/div>\n\t\t\t\t<div class=\"elementor-element elementor-element-aed6c97 exad-sticky-section-no exad-glass-effect-no elementor-widget elementor-widget-text-editor\" data-id=\"aed6c97\" data-element_type=\"widget\" data-widget_type=\"text-editor.default\">\n\t\t\t\t\t\t\t\t\t<p style=\"text-align: center;\"><span style=\"color: #d4be19;\"><b>Landing page para campa\u00f1as.<\/b><\/span><\/p><p style=\"text-align: center;\" data-start=\"66\" data-end=\"286\">Creamos p\u00e1ginas de aterrizaje estrat\u00e9gicas y orientadas a resultados, ideales para campa\u00f1as o promociones espec\u00edficas. Dise\u00f1adas para maximizar la conversi\u00f3n y captar clientes de manera efectiva.<\/p>\t\t\t\t\t\t\t\t<\/div>\n\t\t\t\t<div class=\"elementor-element elementor-element-a261db5 elementor-widget__width-initial exad-sticky-section-no exad-glass-effect-no elementor-widget elementor-widget-text-editor\" data-id=\"a261db5\" data-element_type=\"widget\" data-widget_type=\"text-editor.default\">\n\t\t\t\t\t\t\t\t\t<p style=\"text-align: center;\" data-start=\"56\" data-end=\"300\"><span style=\"color: #d4be19;\"><strong data-start=\"56\" data-end=\"95\">Sitio administrable con WordPress.<\/strong><\/span><\/p><p style=\"text-align: center;\" data-start=\"56\" data-end=\"300\">Desarrollamos sitios f\u00e1ciles de gestionar, actualizar y escalar. Perfectos para quienes necesitan controlar su contenido sin depender de terceros.<\/p>\t\t\t\t\t\t\t\t<\/div>\n\t\t\t\t<div class=\"elementor-element elementor-element-6f705d5 exad-sticky-section-no exad-glass-effect-no elementor-widget elementor-widget-text-editor\" data-id=\"6f705d5\" data-element_type=\"widget\" data-widget_type=\"text-editor.default\">\n\t\t\t\t\t\t\t\t\t<p style=\"text-align: center;\" data-start=\"56\" data-end=\"300\"><span style=\"color: #d4be19;\"><strong data-start=\"56\" data-end=\"95\">Desarrollo a medida (para ideas m\u00e1s complejas).<\/strong><\/span><\/p><p style=\"text-align: center;\" data-start=\"66\" data-end=\"301\">La opci\u00f3n ideal para empresas, organizaciones, iglesias o profesionales que requieren una presencia digital s\u00f3lida, personalizada y completamente alineada con sus necesidades.<\/p>\t\t\t\t\t\t\t\t<\/div>\n\t\t\t\t<div class=\"elementor-element elementor-element-cd68f10 elementor-widget__width-initial exad-sticky-section-no exad-glass-effect-no elementor-widget elementor-widget-text-editor\" data-id=\"cd68f10\" data-element_type=\"widget\" data-widget_type=\"text-editor.default\">\n\t\t\t\t\t\t\t\t\t<p style=\"text-align: center;\"><span style=\"color: #d4be19;\"><b>Mantenimiento y Alojamiento Web.<\/b><\/span><\/p><p style=\"text-align: center;\" data-start=\"64\" data-end=\"271\">Nos encargamos de que tu sitio est\u00e9 siempre actualizado, seguro y funcionando al 100%. Incluye hosting, soporte t\u00e9cnico, respaldos, mejoras de rendimiento y actualizaciones de contenido. Todo en un solo servicio para que t\u00fa no te preocupes por nada.<\/p>\t\t\t\t\t\t\t\t<\/div>\n\t\t\t\t\t<\/div>\n\t\t\t\t<\/div>\n\t\t<div class=\"elementor-element elementor-element-b628f0a e-flex e-con-boxed e-con e-parent\" data-id=\"b628f0a\" data-element_type=\"container\">\n\t\t\t\t\t<div class=\"e-con-inner\">\n\t\t\t\t<div class=\"elementor-element elementor-element-0daeee3 exad-sticky-section-no exad-glass-effect-no elementor-widget elementor-widget-heading\" data-id=\"0daeee3\" data-element_type=\"widget\" data-widget_type=\"heading.default\">\n\t\t\t\t\t<h2 class=\"elementor-heading-title elementor-size-default\">\u00bf Para quien es?<\/h2>\t\t\t\t<\/div>\n\t\t\t\t\t<\/div>\n\t\t\t\t<\/div>\n\t\t<div class=\"elementor-element elementor-element-3d94e99 e-flex e-con-boxed e-con e-parent\" data-id=\"3d94e99\" data-element_type=\"container\">\n\t\t\t\t\t<div class=\"e-con-inner\">\n\t\t<div class=\"elementor-element elementor-element-97e5acd e-con-full e-flex e-con e-child\" data-id=\"97e5acd\" data-element_type=\"container\">\n\t\t\t\t<div class=\"elementor-element elementor-element-c7859ff elementor-widget__width-initial exad-sticky-section-no exad-glass-effect-no elementor-widget elementor-widget-image\" data-id=\"c7859ff\" data-element_type=\"widget\" data-widget_type=\"image.default\">\n\t\t\t\t\t\t\t\t\t\t\t\t\t\t\t<img decoding=\"async\" width=\"500\" height=\"500\" src=\"https:\/\/latinomkt.com\/wp-content\/uploads\/2025\/12\/Impulsa-tu-sitio-web-al-siguiente-nivel-y-tu-negocio-tambien.-1.png\" class=\"attachment-medium_large size-medium_large wp-image-419\" alt=\"\" srcset=\"https:\/\/latinomkt.com\/wp-content\/uploads\/2025\/12\/Impulsa-tu-sitio-web-al-siguiente-nivel-y-tu-negocio-tambien.-1.png 500w, https:\/\/latinomkt.com\/wp-content\/uploads\/2025\/12\/Impulsa-tu-sitio-web-al-siguiente-nivel-y-tu-negocio-tambien.-1-300x300.png 300w, https:\/\/latinomkt.com\/wp-content\/uploads\/2025\/12\/Impulsa-tu-sitio-web-al-siguiente-nivel-y-tu-negocio-tambien.-1-150x150.png 150w\" sizes=\"(max-width: 500px) 100vw, 500px\" \/>\t\t\t\t\t\t\t\t\t\t\t\t\t\t\t<\/div>\n\t\t\t\t<\/div>\n\t\t<div class=\"elementor-element elementor-element-33f1e33 e-con-full e-flex e-con e-child\" data-id=\"33f1e33\" data-element_type=\"container\">\n\t\t\t\t<div class=\"elementor-element elementor-element-279361e elementor-list-item-link-full_width exad-sticky-section-no exad-glass-effect-no elementor-widget elementor-widget-icon-list\" data-id=\"279361e\" data-element_type=\"widget\" data-widget_type=\"icon-list.default\">\n\t\t\t\t\t\t\t<ul class=\"elementor-icon-list-items\">\n\t\t\t\t\t\t\t<li class=\"elementor-icon-list-item\">\n\t\t\t\t\t\t\t\t\t\t\t<span class=\"elementor-icon-list-icon\">\n\t\t\t\t\t\t\t<svg aria-hidden=\"true\" class=\"e-font-icon-svg e-fas-check-circle\" viewBox=\"0 0 512 512\" xmlns=\"http:\/\/www.w3.org\/2000\/svg\"><path d=\"M504 256c0 136.967-111.033 248-248 248S8 392.967 8 256 119.033 8 256 8s248 111.033 248 248zM227.314 387.314l184-184c6.248-6.248 6.248-16.379 0-22.627l-22.627-22.627c-6.248-6.249-16.379-6.249-22.628 0L216 308.118l-70.059-70.059c-6.248-6.248-16.379-6.248-22.628 0l-22.627 22.627c-6.248 6.248-6.248 16.379 0 22.627l104 104c6.249 6.249 16.379 6.249 22.628.001z\"><\/path><\/svg>\t\t\t\t\t\t<\/span>\n\t\t\t\t\t\t\t\t\t\t<span class=\"elementor-icon-list-text\">Emprededores<\/span>\n\t\t\t\t\t\t\t\t\t<\/li>\n\t\t\t\t\t\t\t\t<li class=\"elementor-icon-list-item\">\n\t\t\t\t\t\t\t\t\t\t\t<span class=\"elementor-icon-list-icon\">\n\t\t\t\t\t\t\t<svg aria-hidden=\"true\" class=\"e-font-icon-svg e-fas-check-circle\" viewBox=\"0 0 512 512\" xmlns=\"http:\/\/www.w3.org\/2000\/svg\"><path d=\"M504 256c0 136.967-111.033 248-248 248S8 392.967 8 256 119.033 8 256 8s248 111.033 248 248zM227.314 387.314l184-184c6.248-6.248 6.248-16.379 0-22.627l-22.627-22.627c-6.248-6.249-16.379-6.249-22.628 0L216 308.118l-70.059-70.059c-6.248-6.248-16.379-6.248-22.628 0l-22.627 22.627c-6.248 6.248-6.248 16.379 0 22.627l104 104c6.249 6.249 16.379 6.249 22.628.001z\"><\/path><\/svg>\t\t\t\t\t\t<\/span>\n\t\t\t\t\t\t\t\t\t\t<span class=\"elementor-icon-list-text\">Negocios locales<\/span>\n\t\t\t\t\t\t\t\t\t<\/li>\n\t\t\t\t\t\t\t\t<li class=\"elementor-icon-list-item\">\n\t\t\t\t\t\t\t\t\t\t\t<span class=\"elementor-icon-list-icon\">\n\t\t\t\t\t\t\t<svg aria-hidden=\"true\" class=\"e-font-icon-svg e-fas-check-circle\" viewBox=\"0 0 512 512\" xmlns=\"http:\/\/www.w3.org\/2000\/svg\"><path d=\"M504 256c0 136.967-111.033 248-248 248S8 392.967 8 256 119.033 8 256 8s248 111.033 248 248zM227.314 387.314l184-184c6.248-6.248 6.248-16.379 0-22.627l-22.627-22.627c-6.248-6.249-16.379-6.249-22.628 0L216 308.118l-70.059-70.059c-6.248-6.248-16.379-6.248-22.628 0l-22.627 22.627c-6.248 6.248-6.248 16.379 0 22.627l104 104c6.249 6.249 16.379 6.249 22.628.001z\"><\/path><\/svg>\t\t\t\t\t\t<\/span>\n\t\t\t\t\t\t\t\t\t\t<span class=\"elementor-icon-list-text\">Empresas en crecimiento<\/span>\n\t\t\t\t\t\t\t\t\t<\/li>\n\t\t\t\t\t\t\t\t<li class=\"elementor-icon-list-item\">\n\t\t\t\t\t\t\t\t\t\t\t<span class=\"elementor-icon-list-icon\">\n\t\t\t\t\t\t\t<svg aria-hidden=\"true\" class=\"e-font-icon-svg e-fas-check-circle\" viewBox=\"0 0 512 512\" xmlns=\"http:\/\/www.w3.org\/2000\/svg\"><path d=\"M504 256c0 136.967-111.033 248-248 248S8 392.967 8 256 119.033 8 256 8s248 111.033 248 248zM227.314 387.314l184-184c6.248-6.248 6.248-16.379 0-22.627l-22.627-22.627c-6.248-6.249-16.379-6.249-22.628 0L216 308.118l-70.059-70.059c-6.248-6.248-16.379-6.248-22.628 0l-22.627 22.627c-6.248 6.248-6.248 16.379 0 22.627l104 104c6.249 6.249 16.379 6.249 22.628.001z\"><\/path><\/svg>\t\t\t\t\t\t<\/span>\n\t\t\t\t\t\t\t\t\t\t<span class=\"elementor-icon-list-text\">Profesionales independientes<\/span>\n\t\t\t\t\t\t\t\t\t<\/li>\n\t\t\t\t\t\t\t\t<li class=\"elementor-icon-list-item\">\n\t\t\t\t\t\t\t\t\t\t\t<span class=\"elementor-icon-list-icon\">\n\t\t\t\t\t\t\t<svg aria-hidden=\"true\" class=\"e-font-icon-svg e-fas-check-circle\" viewBox=\"0 0 512 512\" xmlns=\"http:\/\/www.w3.org\/2000\/svg\"><path d=\"M504 256c0 136.967-111.033 248-248 248S8 392.967 8 256 119.033 8 256 8s248 111.033 248 248zM227.314 387.314l184-184c6.248-6.248 6.248-16.379 0-22.627l-22.627-22.627c-6.248-6.249-16.379-6.249-22.628 0L216 308.118l-70.059-70.059c-6.248-6.248-16.379-6.248-22.628 0l-22.627 22.627c-6.248 6.248-6.248 16.379 0 22.627l104 104c6.249 6.249 16.379 6.249 22.628.001z\"><\/path><\/svg>\t\t\t\t\t\t<\/span>\n\t\t\t\t\t\t\t\t\t\t<span class=\"elementor-icon-list-text\">Proyectos con visi\u00f3n digital.<\/span>\n\t\t\t\t\t\t\t\t\t<\/li>\n\t\t\t\t\t\t<\/ul>\n\t\t\t\t\t\t<\/div>\n\t\t\t\t<\/div>\n\t\t\t\t\t<\/div>\n\t\t\t\t<\/div>\n\t\t\t\t<\/div>\n\t\t","protected":false},"excerpt":{"rendered":"<p>Creamos sitios web que no solo se ven incre\u00edbles, sino que tambi\u00e9n cumplen su prop\u00f3sito. En\u00a0Latino Marketing dise\u00f1amos p\u00e1ginas que se adaptan a tus necesidades, reflejan tu esencia y est\u00e1n pensadas estrat\u00e9gicamente para ayudarte a crecer.\u00a0Ya sea una\u00a0landing page, un\u00a0sitio corporativo\u00a0o una\u00a0tienda en l\u00ednea, desarrollamos plataformas que destacan tu singularidad, generan confianza y te posicionan&#8230;<\/p>\n","protected":false},"author":1,"featured_media":0,"parent":0,"menu_order":0,"comment_status":"closed","ping_status":"closed","template":"","meta":{"_kad_post_transparent":"","_kad_post_title":"hide","_kad_post_layout":"fullwidth","_kad_post_sidebar_id":"","_kad_post_content_style":"unboxed","_kad_post_vertical_padding":"hide","_kad_post_feature":"hide","_kad_post_feature_position":"","_kad_post_header":false,"_kad_post_footer":false,"_kad_post_classname":"","footnotes":""},"class_list":["post-328","page","type-page","status-publish","hentry"],"_links":{"self":[{"href":"https:\/\/latinomkt.com\/index.php?rest_route=\/wp\/v2\/pages\/328","targetHints":{"allow":["GET"]}}],"collection":[{"href":"https:\/\/latinomkt.com\/index.php?rest_route=\/wp\/v2\/pages"}],"about":[{"href":"https:\/\/latinomkt.com\/index.php?rest_route=\/wp\/v2\/types\/page"}],"author":[{"embeddable":true,"href":"https:\/\/latinomkt.com\/index.php?rest_route=\/wp\/v2\/users\/1"}],"replies":[{"embeddable":true,"href":"https:\/\/latinomkt.com\/index.php?rest_route=%2Fwp%2Fv2%2Fcomments&post=328"}],"version-history":[{"count":88,"href":"https:\/\/latinomkt.com\/index.php?rest_route=\/wp\/v2\/pages\/328\/revisions"}],"predecessor-version":[{"id":475,"href":"https:\/\/latinomkt.com\/index.php?rest_route=\/wp\/v2\/pages\/328\/revisions\/475"}],"wp:attachment":[{"href":"https:\/\/latinomkt.com\/index.php?rest_route=%2Fwp%2Fv2%2Fmedia&parent=328"}],"curies":[{"name":"wp","href":"https:\/\/api.w.org\/{rel}","templated":true}]}}