{"id":337,"date":"2025-12-09T18:42:13","date_gmt":"2025-12-09T18:42:13","guid":{"rendered":"https:\/\/latinomkt.com\/?page_id=337"},"modified":"2025-12-11T21:43:10","modified_gmt":"2025-12-11T21:43:10","slug":"redes-sociales","status":"publish","type":"page","link":"https:\/\/latinomkt.com\/?page_id=337","title":{"rendered":"Redes Sociales"},"content":{"rendered":"\t\t<div data-elementor-type=\"wp-page\" data-elementor-id=\"337\" class=\"elementor elementor-337\">\n\t\t\t\t<div class=\"elementor-element elementor-element-bca490e e-flex e-con-boxed e-con e-parent\" data-id=\"bca490e\" data-element_type=\"container\">\n\t\t\t\t\t<div class=\"e-con-inner\">\n\t\t\t\t<div class=\"elementor-element elementor-element-31ba841 exad-sticky-section-no exad-glass-effect-no elementor-widget elementor-widget-image\" data-id=\"31ba841\" data-element_type=\"widget\" data-widget_type=\"image.default\">\n\t\t\t\t\t\t\t\t\t\t\t\t\t\t\t<img fetchpriority=\"high\" decoding=\"async\" width=\"970\" height=\"250\" src=\"https:\/\/latinomkt.com\/wp-content\/uploads\/2025\/12\/Redes.png\" class=\"attachment-large size-large wp-image-476\" alt=\"\" srcset=\"https:\/\/latinomkt.com\/wp-content\/uploads\/2025\/12\/Redes.png 970w, https:\/\/latinomkt.com\/wp-content\/uploads\/2025\/12\/Redes-300x77.png 300w, https:\/\/latinomkt.com\/wp-content\/uploads\/2025\/12\/Redes-768x198.png 768w\" sizes=\"(max-width: 970px) 100vw, 970px\" \/>\t\t\t\t\t\t\t\t\t\t\t\t\t\t\t<\/div>\n\t\t\t\t\t<\/div>\n\t\t\t\t<\/div>\n\t\t<div class=\"elementor-element elementor-element-9975147 e-flex e-con-boxed e-con e-parent\" data-id=\"9975147\" data-element_type=\"container\">\n\t\t\t\t\t<div class=\"e-con-inner\">\n\t\t<div class=\"elementor-element elementor-element-0a5f303 e-con-full e-flex e-con e-child\" data-id=\"0a5f303\" data-element_type=\"container\">\n\t\t\t\t<div class=\"elementor-element elementor-element-93b9725 elementor-widget-tablet__width-initial exad-sticky-section-no exad-glass-effect-no elementor-widget elementor-widget-image\" data-id=\"93b9725\" data-element_type=\"widget\" data-widget_type=\"image.default\">\n\t\t\t\t\t\t\t\t\t\t\t\t\t\t\t<img decoding=\"async\" width=\"500\" height=\"500\" src=\"https:\/\/latinomkt.com\/wp-content\/uploads\/2025\/12\/Impulsa-tu-sitio-web-al-siguiente-nivel-y-tu-negocio-tambien.-3.png\" class=\"attachment-medium_large size-medium_large wp-image-481\" alt=\"\" srcset=\"https:\/\/latinomkt.com\/wp-content\/uploads\/2025\/12\/Impulsa-tu-sitio-web-al-siguiente-nivel-y-tu-negocio-tambien.-3.png 500w, https:\/\/latinomkt.com\/wp-content\/uploads\/2025\/12\/Impulsa-tu-sitio-web-al-siguiente-nivel-y-tu-negocio-tambien.-3-300x300.png 300w, https:\/\/latinomkt.com\/wp-content\/uploads\/2025\/12\/Impulsa-tu-sitio-web-al-siguiente-nivel-y-tu-negocio-tambien.-3-150x150.png 150w\" sizes=\"(max-width: 500px) 100vw, 500px\" \/>\t\t\t\t\t\t\t\t\t\t\t\t\t\t\t<\/div>\n\t\t\t\t<\/div>\n\t\t<div class=\"elementor-element elementor-element-3f12115 e-con-full e-flex e-con e-child\" data-id=\"3f12115\" data-element_type=\"container\">\n\t\t<div class=\"elementor-element elementor-element-b75b2f0 e-con-full e-flex e-con e-child\" data-id=\"b75b2f0\" data-element_type=\"container\">\n\t\t\t\t<div class=\"elementor-element elementor-element-d3584fd exad-sticky-section-no exad-glass-effect-no elementor-widget elementor-widget-text-editor\" data-id=\"d3584fd\" data-element_type=\"widget\" data-widget_type=\"text-editor.default\">\n\t\t\t\t\t\t\t\t\t<p>\u00a0<\/p><p>Gestionamos tus redes de manera estrat\u00e9gica y profesional, ayud\u00e1ndote a conseguir una presencia solida que conecte con tus clientes ideales. Creamos contenido creativo, optimizamos tus perfiles, publicamos con prop\u00f3sito y potenciamos tu marca en las cuatro redes sociales b\u00e1sicas y m\u00e1s efectivas:<\/p><p>Facebook, Instagram, Whats App y Google Business<\/p>\t\t\t\t\t\t\t\t<\/div>\n\t\t\t\t<\/div>\n\t\t<div class=\"elementor-element elementor-element-d41762b e-con-full e-flex e-con e-child\" data-id=\"d41762b\" data-element_type=\"container\">\n\t\t\t\t<div class=\"elementor-element elementor-element-ad1d19e exad-sticky-section-no exad-glass-effect-no elementor-widget elementor-widget-heading\" data-id=\"ad1d19e\" data-element_type=\"widget\" data-widget_type=\"heading.default\">\n\t\t\t\t\t<h2 class=\"elementor-heading-title elementor-size-default\"><br>\u00bfPreparado para llevar tus redes al siguiente nivel?<\/h2>\t\t\t\t<\/div>\n\t\t\t\t<\/div>\n\t\t\t\t<\/div>\n\t\t\t\t\t<\/div>\n\t\t\t\t<\/div>\n\t\t<div class=\"elementor-element elementor-element-9a43e6e e-grid e-con-boxed e-con e-parent\" data-id=\"9a43e6e\" data-element_type=\"container\">\n\t\t\t\t\t<div class=\"e-con-inner\">\n\t\t\t\t<div class=\"elementor-element elementor-element-306042d exad-sticky-section-no exad-glass-effect-no elementor-widget elementor-widget-image\" data-id=\"306042d\" data-element_type=\"widget\" data-widget_type=\"image.default\">\n\t\t\t\t\t\t\t\t\t\t\t\t\t\t\t<img decoding=\"async\" width=\"1024\" height=\"731\" src=\"https:\/\/latinomkt.com\/wp-content\/uploads\/2025\/12\/1-1-1024x731.png\" class=\"attachment-large size-large wp-image-537\" alt=\"\" srcset=\"https:\/\/latinomkt.com\/wp-content\/uploads\/2025\/12\/1-1-1024x731.png 1024w, https:\/\/latinomkt.com\/wp-content\/uploads\/2025\/12\/1-1-300x214.png 300w, https:\/\/latinomkt.com\/wp-content\/uploads\/2025\/12\/1-1-768x548.png 768w, https:\/\/latinomkt.com\/wp-content\/uploads\/2025\/12\/1-1-1536x1097.png 1536w, https:\/\/latinomkt.com\/wp-content\/uploads\/2025\/12\/1-1.png 2000w\" sizes=\"(max-width: 1024px) 100vw, 1024px\" \/>\t\t\t\t\t\t\t\t\t\t\t\t\t\t\t<\/div>\n\t\t\t\t<div class=\"elementor-element elementor-element-d2a4856 exad-sticky-section-no exad-glass-effect-no elementor-widget elementor-widget-image\" data-id=\"d2a4856\" data-element_type=\"widget\" data-widget_type=\"image.default\">\n\t\t\t\t\t\t\t\t\t\t\t\t\t\t\t<img loading=\"lazy\" decoding=\"async\" width=\"1024\" height=\"731\" src=\"https:\/\/latinomkt.com\/wp-content\/uploads\/2025\/12\/2-1-1024x731.png\" class=\"attachment-large size-large wp-image-538\" alt=\"\" srcset=\"https:\/\/latinomkt.com\/wp-content\/uploads\/2025\/12\/2-1-1024x731.png 1024w, https:\/\/latinomkt.com\/wp-content\/uploads\/2025\/12\/2-1-300x214.png 300w, https:\/\/latinomkt.com\/wp-content\/uploads\/2025\/12\/2-1-768x548.png 768w, https:\/\/latinomkt.com\/wp-content\/uploads\/2025\/12\/2-1-1536x1097.png 1536w, https:\/\/latinomkt.com\/wp-content\/uploads\/2025\/12\/2-1.png 2000w\" sizes=\"(max-width: 1024px) 100vw, 1024px\" \/>\t\t\t\t\t\t\t\t\t\t\t\t\t\t\t<\/div>\n\t\t\t\t<div class=\"elementor-element elementor-element-3fe9fac exad-sticky-section-no exad-glass-effect-no elementor-widget elementor-widget-image\" data-id=\"3fe9fac\" data-element_type=\"widget\" data-widget_type=\"image.default\">\n\t\t\t\t\t\t\t\t\t\t\t\t\t\t\t<img loading=\"lazy\" decoding=\"async\" width=\"1024\" height=\"731\" src=\"https:\/\/latinomkt.com\/wp-content\/uploads\/2025\/12\/3-1-1024x731.png\" class=\"attachment-large size-large wp-image-539\" alt=\"\" srcset=\"https:\/\/latinomkt.com\/wp-content\/uploads\/2025\/12\/3-1-1024x731.png 1024w, https:\/\/latinomkt.com\/wp-content\/uploads\/2025\/12\/3-1-300x214.png 300w, https:\/\/latinomkt.com\/wp-content\/uploads\/2025\/12\/3-1-768x548.png 768w, https:\/\/latinomkt.com\/wp-content\/uploads\/2025\/12\/3-1-1536x1097.png 1536w, https:\/\/latinomkt.com\/wp-content\/uploads\/2025\/12\/3-1.png 2000w\" sizes=\"(max-width: 1024px) 100vw, 1024px\" \/>\t\t\t\t\t\t\t\t\t\t\t\t\t\t\t<\/div>\n\t\t\t\t<div class=\"elementor-element elementor-element-b8c6fca exad-sticky-section-no exad-glass-effect-no elementor-widget elementor-widget-image\" data-id=\"b8c6fca\" data-element_type=\"widget\" data-widget_type=\"image.default\">\n\t\t\t\t\t\t\t\t\t\t\t\t\t\t\t<img loading=\"lazy\" decoding=\"async\" width=\"1024\" height=\"731\" src=\"https:\/\/latinomkt.com\/wp-content\/uploads\/2025\/12\/4-1-1024x731.png\" class=\"attachment-large size-large wp-image-540\" alt=\"\" srcset=\"https:\/\/latinomkt.com\/wp-content\/uploads\/2025\/12\/4-1-1024x731.png 1024w, https:\/\/latinomkt.com\/wp-content\/uploads\/2025\/12\/4-1-300x214.png 300w, https:\/\/latinomkt.com\/wp-content\/uploads\/2025\/12\/4-1-768x548.png 768w, https:\/\/latinomkt.com\/wp-content\/uploads\/2025\/12\/4-1-1536x1097.png 1536w, https:\/\/latinomkt.com\/wp-content\/uploads\/2025\/12\/4-1.png 2000w\" sizes=\"(max-width: 1024px) 100vw, 1024px\" \/>\t\t\t\t\t\t\t\t\t\t\t\t\t\t\t<\/div>\n\t\t\t\t<div class=\"elementor-element elementor-element-b22131e exad-sticky-section-no exad-glass-effect-no elementor-widget elementor-widget-image\" data-id=\"b22131e\" data-element_type=\"widget\" data-widget_type=\"image.default\">\n\t\t\t\t\t\t\t\t\t\t\t\t\t\t\t<img loading=\"lazy\" decoding=\"async\" width=\"1024\" height=\"731\" src=\"https:\/\/latinomkt.com\/wp-content\/uploads\/2025\/12\/5-1-1024x731.png\" class=\"attachment-large size-large wp-image-541\" alt=\"\" srcset=\"https:\/\/latinomkt.com\/wp-content\/uploads\/2025\/12\/5-1-1024x731.png 1024w, https:\/\/latinomkt.com\/wp-content\/uploads\/2025\/12\/5-1-300x214.png 300w, https:\/\/latinomkt.com\/wp-content\/uploads\/2025\/12\/5-1-768x548.png 768w, https:\/\/latinomkt.com\/wp-content\/uploads\/2025\/12\/5-1-1536x1097.png 1536w, https:\/\/latinomkt.com\/wp-content\/uploads\/2025\/12\/5-1.png 2000w\" sizes=\"(max-width: 1024px) 100vw, 1024px\" \/>\t\t\t\t\t\t\t\t\t\t\t\t\t\t\t<\/div>\n\t\t\t\t<div class=\"elementor-element elementor-element-94c831a exad-sticky-section-no exad-glass-effect-no elementor-widget elementor-widget-image\" data-id=\"94c831a\" data-element_type=\"widget\" data-widget_type=\"image.default\">\n\t\t\t\t\t\t\t\t\t\t\t\t\t\t\t<img loading=\"lazy\" decoding=\"async\" width=\"1024\" height=\"732\" src=\"https:\/\/latinomkt.com\/wp-content\/uploads\/2025\/12\/facebook-1024x732.png\" class=\"attachment-large size-large wp-image-533\" alt=\"\" srcset=\"https:\/\/latinomkt.com\/wp-content\/uploads\/2025\/12\/facebook-1024x732.png 1024w, https:\/\/latinomkt.com\/wp-content\/uploads\/2025\/12\/facebook-300x214.png 300w, https:\/\/latinomkt.com\/wp-content\/uploads\/2025\/12\/facebook-768x549.png 768w, https:\/\/latinomkt.com\/wp-content\/uploads\/2025\/12\/facebook-1536x1097.png 1536w, https:\/\/latinomkt.com\/wp-content\/uploads\/2025\/12\/facebook.png 2000w\" sizes=\"(max-width: 1024px) 100vw, 1024px\" \/>\t\t\t\t\t\t\t\t\t\t\t\t\t\t\t<\/div>\n\t\t\t\t\t<\/div>\n\t\t\t\t<\/div>\n\t\t<div class=\"elementor-element elementor-element-e462e05 e-flex e-con-boxed e-con e-parent\" data-id=\"e462e05\" data-element_type=\"container\">\n\t\t\t\t\t<div class=\"e-con-inner\">\n\t\t<div class=\"elementor-element elementor-element-55c3a72 e-con-full e-flex e-con e-child\" data-id=\"55c3a72\" data-element_type=\"container\">\n\t\t\t\t<div class=\"elementor-element elementor-element-cde8b13 exad-sticky-section-no exad-glass-effect-no elementor-widget elementor-widget-heading\" data-id=\"cde8b13\" data-element_type=\"widget\" data-widget_type=\"heading.default\">\n\t\t\t\t\t<h2 class=\"elementor-heading-title elementor-size-default\">\u00bf A quien est\u00e1 dirigido?<\/h2>\t\t\t\t<\/div>\n\t\t\t\t<\/div>\n\t\t\t\t\t<\/div>\n\t\t\t\t<\/div>\n\t\t<div class=\"elementor-element elementor-element-710b7e1 e-flex e-con-boxed e-con e-parent\" data-id=\"710b7e1\" data-element_type=\"container\">\n\t\t\t\t\t<div class=\"e-con-inner\">\n\t\t<div class=\"elementor-element elementor-element-e85d688 e-con-full e-flex e-con e-child\" data-id=\"e85d688\" data-element_type=\"container\">\n\t\t\t\t<div class=\"elementor-element elementor-element-c79a396 elementor-align-center elementor-widget__width-initial elementor-icon-list--layout-traditional elementor-list-item-link-full_width exad-sticky-section-no exad-glass-effect-no elementor-widget elementor-widget-icon-list\" data-id=\"c79a396\" data-element_type=\"widget\" data-widget_type=\"icon-list.default\">\n\t\t\t\t\t\t\t<ul class=\"elementor-icon-list-items\">\n\t\t\t\t\t\t\t<li class=\"elementor-icon-list-item\">\n\t\t\t\t\t\t\t\t\t\t\t<span class=\"elementor-icon-list-icon\">\n\t\t\t\t\t\t\t<svg aria-hidden=\"true\" class=\"e-font-icon-svg e-far-check-circle\" viewBox=\"0 0 512 512\" xmlns=\"http:\/\/www.w3.org\/2000\/svg\"><path d=\"M256 8C119.033 8 8 119.033 8 256s111.033 248 248 248 248-111.033 248-248S392.967 8 256 8zm0 48c110.532 0 200 89.451 200 200 0 110.532-89.451 200-200 200-110.532 0-200-89.451-200-200 0-110.532 89.451-200 200-200m140.204 130.267l-22.536-22.718c-4.667-4.705-12.265-4.736-16.97-.068L215.346 303.697l-59.792-60.277c-4.667-4.705-12.265-4.736-16.97-.069l-22.719 22.536c-4.705 4.667-4.736 12.265-.068 16.971l90.781 91.516c4.667 4.705 12.265 4.736 16.97.068l172.589-171.204c4.704-4.668 4.734-12.266.067-16.971z\"><\/path><\/svg>\t\t\t\t\t\t<\/span>\n\t\t\t\t\t\t\t\t\t\t<span class=\"elementor-icon-list-text\">Emprededores que inician su negocio<\/span>\n\t\t\t\t\t\t\t\t\t<\/li>\n\t\t\t\t\t\t\t\t<li class=\"elementor-icon-list-item\">\n\t\t\t\t\t\t\t\t\t\t\t<span class=\"elementor-icon-list-icon\">\n\t\t\t\t\t\t\t<svg aria-hidden=\"true\" class=\"e-font-icon-svg e-far-check-circle\" viewBox=\"0 0 512 512\" xmlns=\"http:\/\/www.w3.org\/2000\/svg\"><path d=\"M256 8C119.033 8 8 119.033 8 256s111.033 248 248 248 248-111.033 248-248S392.967 8 256 8zm0 48c110.532 0 200 89.451 200 200 0 110.532-89.451 200-200 200-110.532 0-200-89.451-200-200 0-110.532 89.451-200 200-200m140.204 130.267l-22.536-22.718c-4.667-4.705-12.265-4.736-16.97-.068L215.346 303.697l-59.792-60.277c-4.667-4.705-12.265-4.736-16.97-.069l-22.719 22.536c-4.705 4.667-4.736 12.265-.068 16.971l90.781 91.516c4.667 4.705 12.265 4.736 16.97.068l172.589-171.204c4.704-4.668 4.734-12.266.067-16.971z\"><\/path><\/svg>\t\t\t\t\t\t<\/span>\n\t\t\t\t\t\t\t\t\t\t<span class=\"elementor-icon-list-text\">Negocios locales.<\/span>\n\t\t\t\t\t\t\t\t\t<\/li>\n\t\t\t\t\t\t\t\t<li class=\"elementor-icon-list-item\">\n\t\t\t\t\t\t\t\t\t\t\t<span class=\"elementor-icon-list-icon\">\n\t\t\t\t\t\t\t<svg aria-hidden=\"true\" class=\"e-font-icon-svg e-far-check-circle\" viewBox=\"0 0 512 512\" xmlns=\"http:\/\/www.w3.org\/2000\/svg\"><path d=\"M256 8C119.033 8 8 119.033 8 256s111.033 248 248 248 248-111.033 248-248S392.967 8 256 8zm0 48c110.532 0 200 89.451 200 200 0 110.532-89.451 200-200 200-110.532 0-200-89.451-200-200 0-110.532 89.451-200 200-200m140.204 130.267l-22.536-22.718c-4.667-4.705-12.265-4.736-16.97-.068L215.346 303.697l-59.792-60.277c-4.667-4.705-12.265-4.736-16.97-.069l-22.719 22.536c-4.705 4.667-4.736 12.265-.068 16.971l90.781 91.516c4.667 4.705 12.265 4.736 16.97.068l172.589-171.204c4.704-4.668 4.734-12.266.067-16.971z\"><\/path><\/svg>\t\t\t\t\t\t<\/span>\n\t\t\t\t\t\t\t\t\t\t<span class=\"elementor-icon-list-text\">Empresas que necesitan mejorar su imagen digital<\/span>\n\t\t\t\t\t\t\t\t\t<\/li>\n\t\t\t\t\t\t<\/ul>\n\t\t\t\t\t\t<\/div>\n\t\t\t\t<\/div>\n\t\t<div class=\"elementor-element elementor-element-aac5a46 e-con-full e-flex e-con e-child\" data-id=\"aac5a46\" data-element_type=\"container\">\n\t\t\t\t<div class=\"elementor-element elementor-element-eae796f exad-sticky-section-no exad-glass-effect-no elementor-widget elementor-widget-image\" data-id=\"eae796f\" data-element_type=\"widget\" data-widget_type=\"image.default\">\n\t\t\t\t\t\t\t\t\t\t\t\t\t\t\t<img loading=\"lazy\" decoding=\"async\" width=\"1024\" height=\"732\" src=\"https:\/\/latinomkt.com\/wp-content\/uploads\/2025\/12\/pexels-rethaferguson-3811082-1024x732.jpg\" class=\"attachment-large size-large wp-image-546\" alt=\"\" srcset=\"https:\/\/latinomkt.com\/wp-content\/uploads\/2025\/12\/pexels-rethaferguson-3811082-1024x732.jpg 1024w, https:\/\/latinomkt.com\/wp-content\/uploads\/2025\/12\/pexels-rethaferguson-3811082-300x214.jpg 300w, https:\/\/latinomkt.com\/wp-content\/uploads\/2025\/12\/pexels-rethaferguson-3811082-768x549.jpg 768w, https:\/\/latinomkt.com\/wp-content\/uploads\/2025\/12\/pexels-rethaferguson-3811082-1536x1097.jpg 1536w, https:\/\/latinomkt.com\/wp-content\/uploads\/2025\/12\/pexels-rethaferguson-3811082-2048x1463.jpg 2048w\" sizes=\"(max-width: 1024px) 100vw, 1024px\" \/>\t\t\t\t\t\t\t\t\t\t\t\t\t\t\t<\/div>\n\t\t\t\t<\/div>\n\t\t\t\t\t<\/div>\n\t\t\t\t<\/div>\n\t\t\t\t<\/div>\n\t\t","protected":false},"excerpt":{"rendered":"<p>\u00a0 Gestionamos tus redes de manera estrat\u00e9gica y profesional, ayud\u00e1ndote a conseguir una presencia solida que conecte con tus clientes ideales. Creamos contenido creativo, optimizamos tus perfiles, publicamos con prop\u00f3sito y potenciamos tu marca en las cuatro redes sociales b\u00e1sicas y m\u00e1s efectivas: Facebook, Instagram, Whats App y Google Business \u00bfPreparado para llevar tus redes&#8230;<\/p>\n","protected":false},"author":1,"featured_media":0,"parent":0,"menu_order":0,"comment_status":"closed","ping_status":"closed","template":"","meta":{"_kad_post_transparent":"","_kad_post_title":"hide","_kad_post_layout":"fullwidth","_kad_post_sidebar_id":"","_kad_post_content_style":"unboxed","_kad_post_vertical_padding":"hide","_kad_post_feature":"hide","_kad_post_feature_position":"","_kad_post_header":false,"_kad_post_footer":false,"_kad_post_classname":"","footnotes":""},"class_list":["post-337","page","type-page","status-publish","hentry"],"_links":{"self":[{"href":"https:\/\/latinomkt.com\/index.php?rest_route=\/wp\/v2\/pages\/337","targetHints":{"allow":["GET"]}}],"collection":[{"href":"https:\/\/latinomkt.com\/index.php?rest_route=\/wp\/v2\/pages"}],"about":[{"href":"https:\/\/latinomkt.com\/index.php?rest_route=\/wp\/v2\/types\/page"}],"author":[{"embeddable":true,"href":"https:\/\/latinomkt.com\/index.php?rest_route=\/wp\/v2\/users\/1"}],"replies":[{"embeddable":true,"href":"https:\/\/latinomkt.com\/index.php?rest_route=%2Fwp%2Fv2%2Fcomments&post=337"}],"version-history":[{"count":64,"href":"https:\/\/latinomkt.com\/index.php?rest_route=\/wp\/v2\/pages\/337\/revisions"}],"predecessor-version":[{"id":561,"href":"https:\/\/latinomkt.com\/index.php?rest_route=\/wp\/v2\/pages\/337\/revisions\/561"}],"wp:attachment":[{"href":"https:\/\/latinomkt.com\/index.php?rest_route=%2Fwp%2Fv2%2Fmedia&parent=337"}],"curies":[{"name":"wp","href":"https:\/\/api.w.org\/{rel}","templated":true}]}}